{"id":81,"date":"2026-04-08T18:59:09","date_gmt":"2026-04-08T18:59:09","guid":{"rendered":"http:\/\/cdvuglp.cluster121.hosting.ovh.net\/?page_id=81"},"modified":"2026-04-08T22:09:14","modified_gmt":"2026-04-08T22:09:14","slug":"bioheme-2","status":"publish","type":"page","link":"https:\/\/www.pharma-partnerlab.fr\/index.php\/bioheme-2\/","title":{"rendered":"Bioheme"},"content":{"rendered":"\n<div class=\"wp-block-cover alignwide is-light\" style=\"min-height:800px;aspect-ratio:unset;\"><img loading=\"lazy\" decoding=\"async\" width=\"1024\" height=\"1024\" class=\"wp-block-cover__image-background wp-image-48 size-large\" alt=\"boite de tisane bioheme\" src=\"http:\/\/cdvuglp.cluster121.hosting.ovh.net\/wp-content\/uploads\/2026\/04\/bioheme-1024x1024.webp\" data-object-fit=\"cover\" srcset=\"https:\/\/www.pharma-partnerlab.fr\/wp-content\/uploads\/2026\/04\/bioheme-1024x1024.webp 1024w, https:\/\/www.pharma-partnerlab.fr\/wp-content\/uploads\/2026\/04\/bioheme-300x300.webp 300w, https:\/\/www.pharma-partnerlab.fr\/wp-content\/uploads\/2026\/04\/bioheme-150x150.webp 150w, https:\/\/www.pharma-partnerlab.fr\/wp-content\/uploads\/2026\/04\/bioheme-768x768.webp 768w, https:\/\/www.pharma-partnerlab.fr\/wp-content\/uploads\/2026\/04\/bioheme-1536x1536.webp 1536w, https:\/\/www.pharma-partnerlab.fr\/wp-content\/uploads\/2026\/04\/bioheme.webp 2000w\" sizes=\"auto, (max-width: 1024px) 100vw, 1024px\" \/><span aria-hidden=\"true\" class=\"wp-block-cover__background has-background-dim-60 has-background-dim\" style=\"background-color:#9c827e\"><\/span><div class=\"wp-block-cover__inner-container is-layout-flow wp-block-cover-is-layout-flow\">\n<h2 class=\"wp-block-heading alignwide has-ast-global-color-4-color has-text-color\" style=\"font-size:64px\">BIOH\u00caME<\/h2>\n\n\n\n<div class=\"wp-block-columns alignwide is-layout-flex wp-container-core-columns-is-layout-28f84493 wp-block-columns-is-layout-flex\">\n<div class=\"wp-block-column is-layout-flow wp-block-column-is-layout-flow\" style=\"flex-basis:55%\">\n<p class=\"has-ast-global-color-4-color has-vivid-red-background-color has-text-color has-background\" style=\"border-top-left-radius:10px;border-top-right-radius:10px;border-bottom-left-radius:10px;border-bottom-right-radius:10px;font-size:16px;line-height:1.3\"><br>La marque Bioh\u00eame est une entreprise fran\u00e7aise engag\u00e9e dans la conception et la fabrication d\u2019infusions biologiques et de tisanes de haute qualit\u00e9, inspir\u00e9es par la richesse du monde v\u00e9g\u00e9tal et le savoir\u2011faire herboriste traditionnel. Fabriqu\u00e9es en France, principalement en Pays de la Loire, ses recettes sont \u00e9labor\u00e9es \u00e0 partir de plantes issues de l\u2019agriculture biologique, souvent cultiv\u00e9es localement en collaboration avec des producteurs partenaires certifi\u00e9s.<br><br><br>Bioh\u00eame propose une large gamme d\u2019infusions aux saveurs vari\u00e9es \u2013 relaxantes, r\u00e9confortantes, tonifiantes ou d\u00e9toxifiantes \u2013 toutes pens\u00e9es pour accompagner les besoins du bien\u2011\u00eatre au quotidien. Que ce soit pour favoriser la digestion, apaiser l\u2019esprit, soutenir les articulations ou tout simplement se faire plaisir, chaque infusion est le fruit d\u2019un m\u00e9lange harmonieux de plantes, de fruits et d\u2019\u00e9pices soigneusement s\u00e9lectionn\u00e9s.<br><br><br>La marque s\u2019appuie sur des valeurs fortes\u202f: qualit\u00e9 biologique, production fran\u00e7aise, respect de l\u2019environnement et savoir\u2011faire herboriste. Les produits Bioh\u00eame sont con\u00e7us dans des ateliers locaux avec une attention particuli\u00e8re port\u00e9e sur les ingr\u00e9dients, les process de fabrication et la tra\u00e7abilit\u00e9, afin d\u2019offrir une exp\u00e9rience sensorielle authentique et b\u00e9n\u00e9fique pour le corps comme pour l\u2019esprit.<br><br><br>Avec Bioh\u00eame, d\u00e9couvrez le plaisir simple d\u2019une infusion bio, \u00e9quilibr\u00e9e et savoureuse, qui invite \u00e0 la d\u00e9tente, \u00e0 la vitalit\u00e9 et \u00e0 un bien\u2011\u00eatre naturel au quotidien.<br><\/p>\n\n\n\n<div class=\"wp-block-buttons is-layout-flex wp-block-buttons-is-layout-flex\">\n<div class=\"wp-block-button\"><a class=\"wp-block-button__link has-ast-global-color-2-color has-ast-global-color-4-background-color has-text-color has-background has-link-color wp-element-button\" href=\"mailto:cm.partnerlab@gmail.com\">R\u00e9f\u00e9rencer cette marque<\/a><\/div>\n<\/div>\n<\/div>\n\n\n\n<div class=\"wp-block-column is-layout-flow wp-block-column-is-layout-flow\"><\/div>\n<\/div>\n<\/div><\/div>\n\n\n\n<figure class=\"wp-block-gallery has-nested-images columns-default is-cropped wp-block-gallery-1 is-layout-flex wp-block-gallery-is-layout-flex\">\n<figure class=\"wp-block-image size-large has-custom-border\"><img loading=\"lazy\" decoding=\"async\" width=\"1000\" height=\"1000\" data-id=\"47\" src=\"http:\/\/cdvuglp.cluster121.hosting.ovh.net\/wp-content\/uploads\/2026\/04\/bioheme-new.webp\" alt=\"\" class=\"wp-image-47\" style=\"border-top-left-radius:0px;border-top-right-radius:0px;border-bottom-left-radius:0px;border-bottom-right-radius:0px\" srcset=\"https:\/\/www.pharma-partnerlab.fr\/wp-content\/uploads\/2026\/04\/bioheme-new.webp 1000w, https:\/\/www.pharma-partnerlab.fr\/wp-content\/uploads\/2026\/04\/bioheme-new-300x300.webp 300w, https:\/\/www.pharma-partnerlab.fr\/wp-content\/uploads\/2026\/04\/bioheme-new-150x150.webp 150w, https:\/\/www.pharma-partnerlab.fr\/wp-content\/uploads\/2026\/04\/bioheme-new-768x768.webp 768w\" sizes=\"auto, (max-width: 1000px) 100vw, 1000px\" \/><\/figure>\n\n\n\n<figure class=\"wp-block-image size-large has-custom-border\"><img loading=\"lazy\" decoding=\"async\" width=\"1000\" height=\"1000\" data-id=\"46\" src=\"http:\/\/cdvuglp.cluster121.hosting.ovh.net\/wp-content\/uploads\/2026\/04\/bioheme-e.webp\" alt=\"Bioheme\" class=\"wp-image-46\" style=\"border-top-left-radius:0px;border-top-right-radius:0px;border-bottom-left-radius:0px;border-bottom-right-radius:0px\" srcset=\"https:\/\/www.pharma-partnerlab.fr\/wp-content\/uploads\/2026\/04\/bioheme-e.webp 1000w, https:\/\/www.pharma-partnerlab.fr\/wp-content\/uploads\/2026\/04\/bioheme-e-300x300.webp 300w, https:\/\/www.pharma-partnerlab.fr\/wp-content\/uploads\/2026\/04\/bioheme-e-150x150.webp 150w, https:\/\/www.pharma-partnerlab.fr\/wp-content\/uploads\/2026\/04\/bioheme-e-768x768.webp 768w\" sizes=\"auto, (max-width: 1000px) 100vw, 1000px\" \/><\/figure>\n<\/figure>\n\n\n\n<p><\/p>\n","protected":false},"excerpt":{"rendered":"","protected":false},"author":1,"featured_media":0,"parent":0,"menu_order":0,"comment_status":"closed","ping_status":"closed","template":"","meta":{"site-sidebar-layout":"default","site-content-layout":"","ast-site-content-layout":"default","site-content-style":"default","site-sidebar-style":"default","ast-global-header-display":"","ast-banner-title-visibility":"","ast-main-header-display":"","ast-hfb-above-header-display":"","ast-hfb-below-header-display":"","ast-hfb-mobile-header-display":"","site-post-title":"disabled","ast-breadcrumbs-content":"","ast-featured-img":"","footer-sml-layout":"","ast-disable-related-posts":"","theme-transparent-header-meta":"","adv-header-id-meta":"","stick-header-meta":"","header-above-stick-meta":"","header-main-stick-meta":"","header-below-stick-meta":"","astra-migrate-meta-layouts":"default","ast-page-background-enabled":"default","ast-page-background-meta":{"desktop":{"background-color":"var(--ast-global-color-5)","background-image":"","background-repeat":"repeat","background-position":"center center","background-size":"auto","background-attachment":"scroll","background-type":"","background-media":"","overlay-type":"","overlay-color":"","overlay-opacity":"","overlay-gradient":""},"tablet":{"background-color":"","background-image":"","background-repeat":"repeat","background-position":"center center","background-size":"auto","background-attachment":"scroll","background-type":"","background-media":"","overlay-type":"","overlay-color":"","overlay-opacity":"","overlay-gradient":""},"mobile":{"background-color":"","background-image":"","background-repeat":"repeat","background-position":"center center","background-size":"auto","background-attachment":"scroll","background-type":"","background-media":"","overlay-type":"","overlay-color":"","overlay-opacity":"","overlay-gradient":""}},"ast-content-background-meta":{"desktop":{"background-color":"var(--ast-global-color-4)","background-image":"","background-repeat":"repeat","background-position":"center center","background-size":"auto","background-attachment":"scroll","background-type":"","background-media":"","overlay-type":"","overlay-color":"","overlay-opacity":"","overlay-gradient":""},"tablet":{"background-color":"var(--ast-global-color-4)","background-image":"","background-repeat":"repeat","background-position":"center center","background-size":"auto","background-attachment":"scroll","background-type":"","background-media":"","overlay-type":"","overlay-color":"","overlay-opacity":"","overlay-gradient":""},"mobile":{"background-color":"var(--ast-global-color-4)","background-image":"","background-repeat":"repeat","background-position":"center center","background-size":"auto","background-attachment":"scroll","background-type":"","background-media":"","overlay-type":"","overlay-color":"","overlay-opacity":"","overlay-gradient":""}},"footnotes":""},"class_list":["post-81","page","type-page","status-publish","hentry"],"_links":{"self":[{"href":"https:\/\/www.pharma-partnerlab.fr\/index.php\/wp-json\/wp\/v2\/pages\/81","targetHints":{"allow":["GET"]}}],"collection":[{"href":"https:\/\/www.pharma-partnerlab.fr\/index.php\/wp-json\/wp\/v2\/pages"}],"about":[{"href":"https:\/\/www.pharma-partnerlab.fr\/index.php\/wp-json\/wp\/v2\/types\/page"}],"author":[{"embeddable":true,"href":"https:\/\/www.pharma-partnerlab.fr\/index.php\/wp-json\/wp\/v2\/users\/1"}],"replies":[{"embeddable":true,"href":"https:\/\/www.pharma-partnerlab.fr\/index.php\/wp-json\/wp\/v2\/comments?post=81"}],"version-history":[{"count":7,"href":"https:\/\/www.pharma-partnerlab.fr\/index.php\/wp-json\/wp\/v2\/pages\/81\/revisions"}],"predecessor-version":[{"id":144,"href":"https:\/\/www.pharma-partnerlab.fr\/index.php\/wp-json\/wp\/v2\/pages\/81\/revisions\/144"}],"wp:attachment":[{"href":"https:\/\/www.pharma-partnerlab.fr\/index.php\/wp-json\/wp\/v2\/media?parent=81"}],"curies":[{"name":"wp","href":"https:\/\/api.w.org\/{rel}","templated":true}]}}