{"id":152,"date":"2026-04-08T22:18:50","date_gmt":"2026-04-08T22:18:50","guid":{"rendered":"http:\/\/cdvuglp.cluster121.hosting.ovh.net\/?page_id=152"},"modified":"2026-04-08T22:18:50","modified_gmt":"2026-04-08T22:18:50","slug":"take-care","status":"publish","type":"page","link":"https:\/\/www.pharma-partnerlab.fr\/index.php\/take-care\/","title":{"rendered":"take care"},"content":{"rendered":"\n<div class=\"wp-block-cover alignwide is-light\" style=\"min-height:800px;aspect-ratio:unset;\"><img loading=\"lazy\" decoding=\"async\" width=\"681\" height=\"1024\" class=\"wp-block-cover__image-background wp-image-57 size-large\" alt=\"\" src=\"http:\/\/cdvuglp.cluster121.hosting.ovh.net\/wp-content\/uploads\/2026\/04\/take-care-beauty-681x1024.webp\" data-object-fit=\"cover\" srcset=\"https:\/\/www.pharma-partnerlab.fr\/wp-content\/uploads\/2026\/04\/take-care-beauty-681x1024.webp 681w, https:\/\/www.pharma-partnerlab.fr\/wp-content\/uploads\/2026\/04\/take-care-beauty-200x300.webp 200w, https:\/\/www.pharma-partnerlab.fr\/wp-content\/uploads\/2026\/04\/take-care-beauty-768x1154.webp 768w, https:\/\/www.pharma-partnerlab.fr\/wp-content\/uploads\/2026\/04\/take-care-beauty-1022x1536.webp 1022w, https:\/\/www.pharma-partnerlab.fr\/wp-content\/uploads\/2026\/04\/take-care-beauty-1363x2048.webp 1363w, https:\/\/www.pharma-partnerlab.fr\/wp-content\/uploads\/2026\/04\/take-care-beauty.webp 1400w\" sizes=\"auto, (max-width: 681px) 100vw, 681px\" \/><span aria-hidden=\"true\" class=\"wp-block-cover__background has-background-dim-60 has-background-dim\" style=\"background-color:#c3a8ae\"><\/span><div class=\"wp-block-cover__inner-container is-layout-flow wp-block-cover-is-layout-flow\">\n<h2 class=\"wp-block-heading alignwide has-ast-global-color-4-color has-text-color\" style=\"font-size:64px\">TAKE CARE<\/h2>\n\n\n\n<div class=\"wp-block-columns alignwide is-layout-flex wp-container-core-columns-is-layout-28f84493 wp-block-columns-is-layout-flex\">\n<div class=\"wp-block-column is-layout-flow wp-block-column-is-layout-flow\" style=\"flex-basis:55%\">\n<p class=\"has-ast-global-color-4-color has-text-color has-background\" style=\"border-top-left-radius:10px;border-top-right-radius:10px;border-bottom-left-radius:10px;border-bottom-right-radius:10px;background-color:#f78db5;font-size:16px;line-height:1.3\"><br>La marque Take Care est une r\u00e9f\u00e9rence dans les produits d\u2019hygi\u00e8ne et de soins destin\u00e9s aux enfants et \u00e0 toute la famille, distribu\u00e9e principalement en pharmacie et parapharmacie. Tous ses produits sont con\u00e7us avec le plus grand soin, en respectant les normes dermatologiques les plus strictes pour garantir s\u00e9curit\u00e9, douceur et efficacit\u00e9 au quotidien.<br><br>La marque allie expertise pharmaceutique et plaisir d\u2019utilisation pour transformer chaque routine de soin en un moment rassurant et agr\u00e9able pour les enfants comme pour les parents.<br><br>Un des points forts de Take Care est son univers sous licences, avec des produits mettant en sc\u00e8ne des personnages embl\u00e9matiques tels que Hello Kitty, Pat\u2019 Patrouille, Stitch, Minnie, Kuromi, et bien d\u2019autres. Ces licences apportent une dimension ludique et attrayante, encourageant les enfants \u00e0 adopter de bonnes habitudes d\u2019hygi\u00e8ne tout en s\u2019amusant.<br><br>La gamme Take Care comprend des gels douche, baumes \u00e0 l\u00e8vres, pansements, cr\u00e8mes pour les mains et soins du quotidien, con\u00e7us pour allier s\u00e9curit\u00e9, efficacit\u00e9 et plaisir, avec des ingr\u00e9dients s\u00e9lectionn\u00e9s pour respecter la peau d\u00e9licate des enfants.<br><br>Choisir Take Care en pharmacie, c\u2019est opter pour une marque fiable, professionnelle et ludique, qui met la sant\u00e9, le confort et le plaisir des enfants au c\u0153ur de ses produits.<\/p>\n\n\n\n<div class=\"wp-block-buttons is-layout-flex wp-block-buttons-is-layout-flex\">\n<div class=\"wp-block-button\"><a class=\"wp-block-button__link has-ast-global-color-8-color has-ast-global-color-4-background-color has-text-color has-background has-link-color wp-element-button\" href=\"http:\/\/mailto\/cm.partnerlab@gmail.com\">R\u00e9f\u00e9rencer ce produit<\/a><\/div>\n<\/div>\n<\/div>\n\n\n\n<div class=\"wp-block-column is-layout-flow wp-block-column-is-layout-flow\"><\/div>\n<\/div>\n<\/div><\/div>\n\n\n\n<figure class=\"wp-block-gallery has-nested-images columns-default is-cropped wp-block-gallery-1 is-layout-flex wp-block-gallery-is-layout-flex\">\n<figure class=\"wp-block-image size-large\"><img loading=\"lazy\" decoding=\"async\" width=\"720\" height=\"720\" data-id=\"59\" src=\"http:\/\/cdvuglp.cluster121.hosting.ovh.net\/wp-content\/uploads\/2026\/04\/take-care-vernis.webp\" alt=\"\" class=\"wp-image-59\" srcset=\"https:\/\/www.pharma-partnerlab.fr\/wp-content\/uploads\/2026\/04\/take-care-vernis.webp 720w, https:\/\/www.pharma-partnerlab.fr\/wp-content\/uploads\/2026\/04\/take-care-vernis-300x300.webp 300w, https:\/\/www.pharma-partnerlab.fr\/wp-content\/uploads\/2026\/04\/take-care-vernis-150x150.webp 150w\" sizes=\"auto, (max-width: 720px) 100vw, 720px\" \/><\/figure>\n\n\n\n<figure class=\"wp-block-image size-large\"><img loading=\"lazy\" decoding=\"async\" width=\"720\" height=\"720\" data-id=\"58\" src=\"http:\/\/cdvuglp.cluster121.hosting.ovh.net\/wp-content\/uploads\/2026\/04\/take-care-creme.webp\" alt=\"\" class=\"wp-image-58\" srcset=\"https:\/\/www.pharma-partnerlab.fr\/wp-content\/uploads\/2026\/04\/take-care-creme.webp 720w, https:\/\/www.pharma-partnerlab.fr\/wp-content\/uploads\/2026\/04\/take-care-creme-300x300.webp 300w, https:\/\/www.pharma-partnerlab.fr\/wp-content\/uploads\/2026\/04\/take-care-creme-150x150.webp 150w\" sizes=\"auto, (max-width: 720px) 100vw, 720px\" \/><\/figure>\n<\/figure>\n","protected":false},"excerpt":{"rendered":"","protected":false},"author":1,"featured_media":0,"parent":0,"menu_order":0,"comment_status":"closed","ping_status":"closed","template":"","meta":{"site-sidebar-layout":"default","site-content-layout":"","ast-site-content-layout":"default","site-content-style":"default","site-sidebar-style":"default","ast-global-header-display":"","ast-banner-title-visibility":"","ast-main-header-display":"","ast-hfb-above-header-display":"","ast-hfb-below-header-display":"","ast-hfb-mobile-header-display":"","site-post-title":"disabled","ast-breadcrumbs-content":"","ast-featured-img":"","footer-sml-layout":"","ast-disable-related-posts":"","theme-transparent-header-meta":"","adv-header-id-meta":"","stick-header-meta":"","header-above-stick-meta":"","header-main-stick-meta":"","header-below-stick-meta":"","astra-migrate-meta-layouts":"default","ast-page-background-enabled":"default","ast-page-background-meta":{"desktop":{"background-color":"var(--ast-global-color-5)","background-image":"","background-repeat":"repeat","background-position":"center center","background-size":"auto","background-attachment":"scroll","background-type":"","background-media":"","overlay-type":"","overlay-color":"","overlay-opacity":"","overlay-gradient":""},"tablet":{"background-color":"","background-image":"","background-repeat":"repeat","background-position":"center center","background-size":"auto","background-attachment":"scroll","background-type":"","background-media":"","overlay-type":"","overlay-color":"","overlay-opacity":"","overlay-gradient":""},"mobile":{"background-color":"","background-image":"","background-repeat":"repeat","background-position":"center center","background-size":"auto","background-attachment":"scroll","background-type":"","background-media":"","overlay-type":"","overlay-color":"","overlay-opacity":"","overlay-gradient":""}},"ast-content-background-meta":{"desktop":{"background-color":"var(--ast-global-color-4)","background-image":"","background-repeat":"repeat","background-position":"center center","background-size":"auto","background-attachment":"scroll","background-type":"","background-media":"","overlay-type":"","overlay-color":"","overlay-opacity":"","overlay-gradient":""},"tablet":{"background-color":"var(--ast-global-color-4)","background-image":"","background-repeat":"repeat","background-position":"center center","background-size":"auto","background-attachment":"scroll","background-type":"","background-media":"","overlay-type":"","overlay-color":"","overlay-opacity":"","overlay-gradient":""},"mobile":{"background-color":"var(--ast-global-color-4)","background-image":"","background-repeat":"repeat","background-position":"center center","background-size":"auto","background-attachment":"scroll","background-type":"","background-media":"","overlay-type":"","overlay-color":"","overlay-opacity":"","overlay-gradient":""}},"footnotes":""},"class_list":["post-152","page","type-page","status-publish","hentry"],"_links":{"self":[{"href":"https:\/\/www.pharma-partnerlab.fr\/index.php\/wp-json\/wp\/v2\/pages\/152","targetHints":{"allow":["GET"]}}],"collection":[{"href":"https:\/\/www.pharma-partnerlab.fr\/index.php\/wp-json\/wp\/v2\/pages"}],"about":[{"href":"https:\/\/www.pharma-partnerlab.fr\/index.php\/wp-json\/wp\/v2\/types\/page"}],"author":[{"embeddable":true,"href":"https:\/\/www.pharma-partnerlab.fr\/index.php\/wp-json\/wp\/v2\/users\/1"}],"replies":[{"embeddable":true,"href":"https:\/\/www.pharma-partnerlab.fr\/index.php\/wp-json\/wp\/v2\/comments?post=152"}],"version-history":[{"count":1,"href":"https:\/\/www.pharma-partnerlab.fr\/index.php\/wp-json\/wp\/v2\/pages\/152\/revisions"}],"predecessor-version":[{"id":153,"href":"https:\/\/www.pharma-partnerlab.fr\/index.php\/wp-json\/wp\/v2\/pages\/152\/revisions\/153"}],"wp:attachment":[{"href":"https:\/\/www.pharma-partnerlab.fr\/index.php\/wp-json\/wp\/v2\/media?parent=152"}],"curies":[{"name":"wp","href":"https:\/\/api.w.org\/{rel}","templated":true}]}}