{"id":149,"date":"2026-04-08T22:15:25","date_gmt":"2026-04-08T22:15:25","guid":{"rendered":"http:\/\/cdvuglp.cluster121.hosting.ovh.net\/?page_id=149"},"modified":"2026-04-08T22:15:25","modified_gmt":"2026-04-08T22:15:25","slug":"vaseline","status":"publish","type":"page","link":"https:\/\/www.pharma-partnerlab.fr\/index.php\/vaseline\/","title":{"rendered":"VASELINE"},"content":{"rendered":"\n<div class=\"wp-block-cover alignwide is-light\" style=\"min-height:800px;aspect-ratio:unset;\"><img loading=\"lazy\" decoding=\"async\" width=\"400\" height=\"400\" class=\"wp-block-cover__image-background wp-image-150 size-full\" alt=\"\" src=\"http:\/\/cdvuglp.cluster121.hosting.ovh.net\/wp-content\/uploads\/2026\/04\/VESELINE.jpg\" style=\"object-position:28% 62%\" data-object-fit=\"cover\" data-object-position=\"28% 62%\" srcset=\"https:\/\/www.pharma-partnerlab.fr\/wp-content\/uploads\/2026\/04\/VESELINE.jpg 400w, https:\/\/www.pharma-partnerlab.fr\/wp-content\/uploads\/2026\/04\/VESELINE-300x300.jpg 300w, https:\/\/www.pharma-partnerlab.fr\/wp-content\/uploads\/2026\/04\/VESELINE-150x150.jpg 150w\" sizes=\"auto, (max-width: 400px) 100vw, 400px\" \/><span aria-hidden=\"true\" class=\"wp-block-cover__background has-background-dim-60 has-background-dim\" style=\"background-color:#a9a2a1\"><\/span><div class=\"wp-block-cover__inner-container is-layout-flow wp-block-cover-is-layout-flow\">\n<h2 class=\"wp-block-heading alignwide has-ast-global-color-4-color has-text-color\" style=\"font-size:64px\">VASELINE<\/h2>\n\n\n\n<div class=\"wp-block-columns alignwide is-layout-flex wp-container-core-columns-is-layout-28f84493 wp-block-columns-is-layout-flex\">\n<div class=\"wp-block-column is-layout-flow wp-block-column-is-layout-flow\" style=\"flex-basis:55%\">\n<p class=\"has-ast-global-color-4-color has-text-color has-background\" style=\"border-top-left-radius:10px;border-top-right-radius:10px;border-bottom-left-radius:10px;border-bottom-right-radius:10px;background-color:#111e56;font-size:16px;line-height:1.3\"><br>La marque Vaseline est une r\u00e9f\u00e9rence mondiale incontournable dans le domaine du soin de la peau, reconnue pour son efficacit\u00e9, sa simplicit\u00e9 et son accessibilit\u00e9 depuis plus de 150 ans.<br><br>N\u00e9e en 1872 gr\u00e2ce \u00e0 la d\u00e9couverte d\u2019un actif unique, la gel\u00e9e de p\u00e9trole, Vaseline s\u2019est impos\u00e9e comme une solution essentielle pour prot\u00e9ger, r\u00e9parer et hydrater la peau. Aujourd\u2019hui, la marque appartient au groupe Unilever et est distribu\u00e9e dans le monde entier.\u00a0<br><br>Au c\u0153ur de son succ\u00e8s, on retrouve la c\u00e9l\u00e8bre gel\u00e9e Vaseline, reconnue pour ses propri\u00e9t\u00e9s occlusives : elle aide \u00e0 retenir l\u2019hydratation, renforcer la barri\u00e8re cutan\u00e9e et favoriser la r\u00e9paration des peaux s\u00e8ches ou fragilis\u00e9es.\u00a0 V\u00e9ritable produit multifonction, elle est utilis\u00e9e aussi bien pour hydrater les l\u00e8vres, prot\u00e9ger la peau, apaiser les irritations ou encore pr\u00e9venir les zones de frottement.<br><br>Au fil des ann\u00e9es, Vaseline a \u00e9largi son expertise avec une gamme compl\u00e8te de soins : laits corporels, baumes \u00e0 l\u00e8vres, cr\u00e8mes hydratantes et soins cibl\u00e9s, tout en conservant l\u2019efficacit\u00e9 de son ingr\u00e9dient embl\u00e9matique.<br><br>Accessible, fiable et universelle, la marque Vaseline s\u2019adresse \u00e0 tous les types de peau et \u00e0 tous les besoins, avec une promesse simple : offrir une peau douce, prot\u00e9g\u00e9e et en pleine sant\u00e9, jour apr\u00e8s jour.<\/p>\n\n\n\n<div class=\"wp-block-buttons is-layout-flex wp-block-buttons-is-layout-flex\">\n<div class=\"wp-block-button\"><a class=\"wp-block-button__link has-ast-global-color-8-color has-ast-global-color-4-background-color has-text-color has-background has-link-color wp-element-button\" href=\"mailto:cm.partnerlab@gmail.com\">R\u00e9f\u00e9rencer cette marque<\/a><\/div>\n<\/div>\n<\/div>\n\n\n\n<div class=\"wp-block-column is-layout-flow wp-block-column-is-layout-flow\"><\/div>\n<\/div>\n<\/div><\/div>\n\n\n\n<figure class=\"wp-block-gallery has-nested-images columns-default is-cropped wp-block-gallery-1 is-layout-flex wp-block-gallery-is-layout-flex\">\n<figure class=\"wp-block-image size-large\"><img loading=\"lazy\" decoding=\"async\" width=\"600\" height=\"450\" data-id=\"66\" src=\"http:\/\/cdvuglp.cluster121.hosting.ovh.net\/wp-content\/uploads\/2026\/04\/Routine-vaseline.jpg\" alt=\"\" class=\"wp-image-66\" srcset=\"https:\/\/www.pharma-partnerlab.fr\/wp-content\/uploads\/2026\/04\/Routine-vaseline.jpg 600w, https:\/\/www.pharma-partnerlab.fr\/wp-content\/uploads\/2026\/04\/Routine-vaseline-300x225.jpg 300w\" sizes=\"auto, (max-width: 600px) 100vw, 600px\" \/><\/figure>\n<\/figure>\n\n\n\n<p><\/p>\n","protected":false},"excerpt":{"rendered":"","protected":false},"author":1,"featured_media":0,"parent":0,"menu_order":0,"comment_status":"closed","ping_status":"closed","template":"","meta":{"site-sidebar-layout":"default","site-content-layout":"","ast-site-content-layout":"default","site-content-style":"default","site-sidebar-style":"default","ast-global-header-display":"","ast-banner-title-visibility":"","ast-main-header-display":"","ast-hfb-above-header-display":"","ast-hfb-below-header-display":"","ast-hfb-mobile-header-display":"","site-post-title":"disabled","ast-breadcrumbs-content":"","ast-featured-img":"","footer-sml-layout":"","ast-disable-related-posts":"","theme-transparent-header-meta":"","adv-header-id-meta":"","stick-header-meta":"","header-above-stick-meta":"","header-main-stick-meta":"","header-below-stick-meta":"","astra-migrate-meta-layouts":"default","ast-page-background-enabled":"default","ast-page-background-meta":{"desktop":{"background-color":"var(--ast-global-color-5)","background-image":"","background-repeat":"repeat","background-position":"center center","background-size":"auto","background-attachment":"scroll","background-type":"","background-media":"","overlay-type":"","overlay-color":"","overlay-opacity":"","overlay-gradient":""},"tablet":{"background-color":"","background-image":"","background-repeat":"repeat","background-position":"center center","background-size":"auto","background-attachment":"scroll","background-type":"","background-media":"","overlay-type":"","overlay-color":"","overlay-opacity":"","overlay-gradient":""},"mobile":{"background-color":"","background-image":"","background-repeat":"repeat","background-position":"center center","background-size":"auto","background-attachment":"scroll","background-type":"","background-media":"","overlay-type":"","overlay-color":"","overlay-opacity":"","overlay-gradient":""}},"ast-content-background-meta":{"desktop":{"background-color":"var(--ast-global-color-4)","background-image":"","background-repeat":"repeat","background-position":"center center","background-size":"auto","background-attachment":"scroll","background-type":"","background-media":"","overlay-type":"","overlay-color":"","overlay-opacity":"","overlay-gradient":""},"tablet":{"background-color":"var(--ast-global-color-4)","background-image":"","background-repeat":"repeat","background-position":"center center","background-size":"auto","background-attachment":"scroll","background-type":"","background-media":"","overlay-type":"","overlay-color":"","overlay-opacity":"","overlay-gradient":""},"mobile":{"background-color":"var(--ast-global-color-4)","background-image":"","background-repeat":"repeat","background-position":"center center","background-size":"auto","background-attachment":"scroll","background-type":"","background-media":"","overlay-type":"","overlay-color":"","overlay-opacity":"","overlay-gradient":""}},"footnotes":""},"class_list":["post-149","page","type-page","status-publish","hentry"],"_links":{"self":[{"href":"https:\/\/www.pharma-partnerlab.fr\/index.php\/wp-json\/wp\/v2\/pages\/149","targetHints":{"allow":["GET"]}}],"collection":[{"href":"https:\/\/www.pharma-partnerlab.fr\/index.php\/wp-json\/wp\/v2\/pages"}],"about":[{"href":"https:\/\/www.pharma-partnerlab.fr\/index.php\/wp-json\/wp\/v2\/types\/page"}],"author":[{"embeddable":true,"href":"https:\/\/www.pharma-partnerlab.fr\/index.php\/wp-json\/wp\/v2\/users\/1"}],"replies":[{"embeddable":true,"href":"https:\/\/www.pharma-partnerlab.fr\/index.php\/wp-json\/wp\/v2\/comments?post=149"}],"version-history":[{"count":1,"href":"https:\/\/www.pharma-partnerlab.fr\/index.php\/wp-json\/wp\/v2\/pages\/149\/revisions"}],"predecessor-version":[{"id":151,"href":"https:\/\/www.pharma-partnerlab.fr\/index.php\/wp-json\/wp\/v2\/pages\/149\/revisions\/151"}],"wp:attachment":[{"href":"https:\/\/www.pharma-partnerlab.fr\/index.php\/wp-json\/wp\/v2\/media?parent=149"}],"curies":[{"name":"wp","href":"https:\/\/api.w.org\/{rel}","templated":true}]}}