{"id":132,"date":"2026-04-08T21:54:44","date_gmt":"2026-04-08T21:54:44","guid":{"rendered":"http:\/\/cdvuglp.cluster121.hosting.ovh.net\/?page_id=132"},"modified":"2026-04-08T22:09:28","modified_gmt":"2026-04-08T22:09:28","slug":"curculia-2","status":"publish","type":"page","link":"https:\/\/www.pharma-partnerlab.fr\/index.php\/curculia-2\/","title":{"rendered":"CURCULIA\u00a0"},"content":{"rendered":"\n<div class=\"wp-block-cover alignwide is-light\" style=\"min-height:907px;aspect-ratio:unset;\"><img loading=\"lazy\" decoding=\"async\" width=\"1024\" height=\"1024\" class=\"wp-block-cover__image-background wp-image-133 size-large\" alt=\"\" src=\"http:\/\/cdvuglp.cluster121.hosting.ovh.net\/wp-content\/uploads\/2026\/04\/13_3ce324eb-563d-470c-903d-ce4414bc896b-1024x1024.png\" data-object-fit=\"cover\" srcset=\"https:\/\/www.pharma-partnerlab.fr\/wp-content\/uploads\/2026\/04\/13_3ce324eb-563d-470c-903d-ce4414bc896b-1024x1024.png 1024w, https:\/\/www.pharma-partnerlab.fr\/wp-content\/uploads\/2026\/04\/13_3ce324eb-563d-470c-903d-ce4414bc896b-300x300.png 300w, https:\/\/www.pharma-partnerlab.fr\/wp-content\/uploads\/2026\/04\/13_3ce324eb-563d-470c-903d-ce4414bc896b-150x150.png 150w, https:\/\/www.pharma-partnerlab.fr\/wp-content\/uploads\/2026\/04\/13_3ce324eb-563d-470c-903d-ce4414bc896b-768x768.png 768w, https:\/\/www.pharma-partnerlab.fr\/wp-content\/uploads\/2026\/04\/13_3ce324eb-563d-470c-903d-ce4414bc896b.png 1200w\" sizes=\"auto, (max-width: 1024px) 100vw, 1024px\" \/><span aria-hidden=\"true\" class=\"wp-block-cover__background has-background-dim-60 has-background-dim\" style=\"background-color:#a8a3a3\"><\/span><div class=\"wp-block-cover__inner-container is-layout-flow wp-block-cover-is-layout-flow\">\n<h2 class=\"wp-block-heading alignwide has-ast-global-color-4-color has-text-color\" style=\"font-size:64px\">CURCULIA<\/h2>\n\n\n\n<div class=\"wp-block-columns alignwide is-layout-flex wp-container-core-columns-is-layout-28f84493 wp-block-columns-is-layout-flex\">\n<div class=\"wp-block-column is-layout-flow wp-block-column-is-layout-flow\" style=\"flex-basis:55%\">\n<p class=\"has-ast-global-color-4-color has-luminous-vivid-orange-background-color has-text-color has-background\" style=\"border-top-left-radius:10px;border-top-right-radius:10px;border-bottom-left-radius:10px;border-bottom-right-radius:10px;font-size:16px;line-height:1.3\"><br>Au c\u0153ur de ses formules, Curculia met \u00e0 l\u2019honneur le Curcuma longa, un actif naturel reconnu pour ses puissantes propri\u00e9t\u00e9s antioxydantes, anti-taches et illuminatrices. Utilis\u00e9 depuis des si\u00e8cles dans les rituels de beaut\u00e9 traditionnels, le curcuma aide \u00e0 raviver l\u2019\u00e9clat du teint, \u00e0 unifier laeau et \u00e0 lutter contre les signes de fatigue.<br><br><br>Curculia d\u00e9veloppe des soins innovants qui exploitent toute la richesse de cet ingr\u00e9dient d\u2019exception, en l\u2019associant \u00e0 des formulations performantes et respectueuses de la peau. Chaque produit est pens\u00e9 pour offrir une exp\u00e9rience sensorielle unique, tout en apportant des r\u00e9sultats visibles jour apr\u00e8s jour.<br><br><br>Engag\u00e9e dans une beaut\u00e9 plus naturelle et consciente, la marque privil\u00e9gie des ingr\u00e9dients soigneusement s\u00e9lectionn\u00e9s et des textures agr\u00e9ables, adapt\u00e9es \u00e0 toutes les routines.<br><br><br>Avec Curculia, r\u00e9v\u00e9lez une peau lumineuse, \u00e9quilibr\u00e9e et pleine de vitalit\u00e9 gr\u00e2ce \u00e0 la puissance du curcuma.<\/p>\n\n\n\n<div class=\"wp-block-buttons is-layout-flex wp-block-buttons-is-layout-flex\">\n<div class=\"wp-block-button\"><a class=\"wp-block-button__link has-ast-global-color-8-color has-ast-global-color-4-background-color has-text-color has-background has-link-color wp-element-button\" href=\"mailto:cm.partnerlab@gmail.com\">R\u00e9f\u00e9rencer cette marque<\/a><\/div>\n<\/div>\n<\/div>\n\n\n\n<div class=\"wp-block-column is-layout-flow wp-block-column-is-layout-flow\"><\/div>\n<\/div>\n<\/div><\/div>\n\n\n\n<figure class=\"wp-block-gallery has-nested-images columns-default is-cropped wp-block-gallery-1 is-layout-flex wp-block-gallery-is-layout-flex\">\n<figure class=\"wp-block-image size-large\"><img loading=\"lazy\" decoding=\"async\" width=\"550\" height=\"550\" data-id=\"52\" src=\"http:\/\/cdvuglp.cluster121.hosting.ovh.net\/wp-content\/uploads\/2026\/04\/CURCULIA.webp\" alt=\"\" class=\"wp-image-52\" srcset=\"https:\/\/www.pharma-partnerlab.fr\/wp-content\/uploads\/2026\/04\/CURCULIA.webp 550w, https:\/\/www.pharma-partnerlab.fr\/wp-content\/uploads\/2026\/04\/CURCULIA-300x300.webp 300w, https:\/\/www.pharma-partnerlab.fr\/wp-content\/uploads\/2026\/04\/CURCULIA-150x150.webp 150w\" sizes=\"auto, (max-width: 550px) 100vw, 550px\" \/><\/figure>\n\n\n\n<figure class=\"wp-block-image size-large\"><img loading=\"lazy\" decoding=\"async\" width=\"1024\" height=\"1024\" data-id=\"51\" src=\"http:\/\/cdvuglp.cluster121.hosting.ovh.net\/wp-content\/uploads\/2026\/04\/CURCULIA-PADS-1024x1024.webp\" alt=\"\" class=\"wp-image-51\" srcset=\"https:\/\/www.pharma-partnerlab.fr\/wp-content\/uploads\/2026\/04\/CURCULIA-PADS-1024x1024.webp 1024w, https:\/\/www.pharma-partnerlab.fr\/wp-content\/uploads\/2026\/04\/CURCULIA-PADS-300x300.webp 300w, https:\/\/www.pharma-partnerlab.fr\/wp-content\/uploads\/2026\/04\/CURCULIA-PADS-150x150.webp 150w, https:\/\/www.pharma-partnerlab.fr\/wp-content\/uploads\/2026\/04\/CURCULIA-PADS-768x768.webp 768w, https:\/\/www.pharma-partnerlab.fr\/wp-content\/uploads\/2026\/04\/CURCULIA-PADS.webp 1200w\" sizes=\"auto, (max-width: 1024px) 100vw, 1024px\" \/><\/figure>\n<\/figure>\n","protected":false},"excerpt":{"rendered":"","protected":false},"author":1,"featured_media":0,"parent":0,"menu_order":0,"comment_status":"closed","ping_status":"closed","template":"","meta":{"site-sidebar-layout":"default","site-content-layout":"","ast-site-content-layout":"default","site-content-style":"default","site-sidebar-style":"default","ast-global-header-display":"","ast-banner-title-visibility":"","ast-main-header-display":"","ast-hfb-above-header-display":"","ast-hfb-below-header-display":"","ast-hfb-mobile-header-display":"","site-post-title":"disabled","ast-breadcrumbs-content":"","ast-featured-img":"","footer-sml-layout":"","ast-disable-related-posts":"","theme-transparent-header-meta":"","adv-header-id-meta":"","stick-header-meta":"","header-above-stick-meta":"","header-main-stick-meta":"","header-below-stick-meta":"","astra-migrate-meta-layouts":"default","ast-page-background-enabled":"default","ast-page-background-meta":{"desktop":{"background-color":"var(--ast-global-color-5)","background-image":"","background-repeat":"repeat","background-position":"center center","background-size":"auto","background-attachment":"scroll","background-type":"","background-media":"","overlay-type":"","overlay-color":"","overlay-opacity":"","overlay-gradient":""},"tablet":{"background-color":"","background-image":"","background-repeat":"repeat","background-position":"center center","background-size":"auto","background-attachment":"scroll","background-type":"","background-media":"","overlay-type":"","overlay-color":"","overlay-opacity":"","overlay-gradient":""},"mobile":{"background-color":"","background-image":"","background-repeat":"repeat","background-position":"center center","background-size":"auto","background-attachment":"scroll","background-type":"","background-media":"","overlay-type":"","overlay-color":"","overlay-opacity":"","overlay-gradient":""}},"ast-content-background-meta":{"desktop":{"background-color":"var(--ast-global-color-4)","background-image":"","background-repeat":"repeat","background-position":"center center","background-size":"auto","background-attachment":"scroll","background-type":"","background-media":"","overlay-type":"","overlay-color":"","overlay-opacity":"","overlay-gradient":""},"tablet":{"background-color":"var(--ast-global-color-4)","background-image":"","background-repeat":"repeat","background-position":"center center","background-size":"auto","background-attachment":"scroll","background-type":"","background-media":"","overlay-type":"","overlay-color":"","overlay-opacity":"","overlay-gradient":""},"mobile":{"background-color":"var(--ast-global-color-4)","background-image":"","background-repeat":"repeat","background-position":"center center","background-size":"auto","background-attachment":"scroll","background-type":"","background-media":"","overlay-type":"","overlay-color":"","overlay-opacity":"","overlay-gradient":""}},"footnotes":""},"class_list":["post-132","page","type-page","status-publish","hentry"],"_links":{"self":[{"href":"https:\/\/www.pharma-partnerlab.fr\/index.php\/wp-json\/wp\/v2\/pages\/132","targetHints":{"allow":["GET"]}}],"collection":[{"href":"https:\/\/www.pharma-partnerlab.fr\/index.php\/wp-json\/wp\/v2\/pages"}],"about":[{"href":"https:\/\/www.pharma-partnerlab.fr\/index.php\/wp-json\/wp\/v2\/types\/page"}],"author":[{"embeddable":true,"href":"https:\/\/www.pharma-partnerlab.fr\/index.php\/wp-json\/wp\/v2\/users\/1"}],"replies":[{"embeddable":true,"href":"https:\/\/www.pharma-partnerlab.fr\/index.php\/wp-json\/wp\/v2\/comments?post=132"}],"version-history":[{"count":4,"href":"https:\/\/www.pharma-partnerlab.fr\/index.php\/wp-json\/wp\/v2\/pages\/132\/revisions"}],"predecessor-version":[{"id":145,"href":"https:\/\/www.pharma-partnerlab.fr\/index.php\/wp-json\/wp\/v2\/pages\/132\/revisions\/145"}],"wp:attachment":[{"href":"https:\/\/www.pharma-partnerlab.fr\/index.php\/wp-json\/wp\/v2\/media?parent=132"}],"curies":[{"name":"wp","href":"https:\/\/api.w.org\/{rel}","templated":true}]}}