{"id":12,"date":"2026-04-08T18:00:24","date_gmt":"2026-04-08T18:00:24","guid":{"rendered":"http:\/\/cdvuglp.cluster121.hosting.ovh.net\/?page_id=12"},"modified":"2026-04-08T22:47:32","modified_gmt":"2026-04-08T22:47:32","slug":"accueil","status":"publish","type":"page","link":"https:\/\/www.pharma-partnerlab.fr\/","title":{"rendered":"Accueil"},"content":{"rendered":"\n<div class=\"wp-block-cover alignfull has-custom-content-position is-position-top-left\" style=\"margin-top:0;padding-top:5vw;padding-right:5vw;padding-bottom:5vw;padding-left:5vw;min-height:307px;aspect-ratio:unset;\"><img loading=\"lazy\" decoding=\"async\" width=\"1024\" height=\"451\" class=\"wp-block-cover__image-background wp-image-43 size-large\" alt=\"\" src=\"http:\/\/www.pharma-partnerlab.fr\/wp-content\/uploads\/2026\/04\/BANNIERE-GEL-DOUCHE-TRESOR-1024x451.jpg\" data-object-fit=\"cover\" srcset=\"https:\/\/www.pharma-partnerlab.fr\/wp-content\/uploads\/2026\/04\/BANNIERE-GEL-DOUCHE-TRESOR-1024x451.jpg 1024w, https:\/\/www.pharma-partnerlab.fr\/wp-content\/uploads\/2026\/04\/BANNIERE-GEL-DOUCHE-TRESOR-300x132.jpg 300w, https:\/\/www.pharma-partnerlab.fr\/wp-content\/uploads\/2026\/04\/BANNIERE-GEL-DOUCHE-TRESOR-768x338.jpg 768w, https:\/\/www.pharma-partnerlab.fr\/wp-content\/uploads\/2026\/04\/BANNIERE-GEL-DOUCHE-TRESOR-1536x677.jpg 1536w, https:\/\/www.pharma-partnerlab.fr\/wp-content\/uploads\/2026\/04\/BANNIERE-GEL-DOUCHE-TRESOR.jpg 1920w\" sizes=\"auto, (max-width: 1024px) 100vw, 1024px\" \/><span aria-hidden=\"true\" class=\"wp-block-cover__background has-ast-global-color-1-background-color has-background-dim-90 has-background-dim\"><\/span><div class=\"wp-block-cover__inner-container is-layout-flow wp-block-cover-is-layout-flow\">\n<div class=\"wp-block-group wp-container-content-9cfa9a5a is-vertical is-nowrap is-layout-flex wp-container-core-group-is-layout-2890af74 wp-block-group-is-layout-flex\">\n<p class=\"has-text-align-left has-ast-global-color-4-color has-text-color has-source-serif-pro-font-family\" style=\"font-size:53px;font-style:italic;font-weight:900;letter-spacing:-4px;line-height:0.8;text-transform:none\">Agent commercial<\/p>\n\n\n\n<p><\/p>\n\n\n\n<p class=\"has-ast-global-color-4-color has-text-color has-link-color wp-elements-32d2127cb99e0f7c3ca62b7275726f43\">vos marques pr\u00e9f\u00e9r\u00e9s \u00e0 port\u00e9 de main<\/p>\n\n\n\n<div class=\"wp-block-buttons is-layout-flex wp-block-buttons-is-layout-flex\">\n<div class=\"wp-block-button\"><a class=\"wp-block-button__link has-ast-global-color-1-color has-ast-global-color-4-background-color has-text-color has-background has-link-color wp-element-button\" href=\"mailto:cm.partnerlab@gmail.com\">me contacter<\/a><\/div>\n<\/div>\n<\/div>\n<\/div><\/div>\n\n\n\n<div class=\"wp-block-group alignfull has-text-color has-background is-layout-flow wp-block-group-is-layout-flow\" style=\"color:#000000;background-color:#ffffff\">\n<h2 class=\"wp-block-heading has-ast-global-color-0-color has-ast-global-color-5-background-color has-text-color has-background has-link-color wp-elements-239c0bdba2a7d2764117c354c234d2ff\" style=\"border-top-left-radius:10px;border-top-right-radius:10px;border-bottom-left-radius:10px;border-bottom-right-radius:10px\">Mes marques<\/h2>\n\n\n\n<hr class=\"wp-block-separator has-text-color has-ast-global-color-1-color has-alpha-channel-opacity has-ast-global-color-1-background-color has-background is-style-wide\" style=\"margin-top:0;margin-bottom:0\"\/>\n\n\n\n<div class=\"alignnormal\"><div id=\"metaslider-id-90\" style=\"width: 100%; margin: 0 auto;\" class=\"ml-slider-3-107-0 metaslider metaslider-flex metaslider-90 ml-slider has-dots-nav has-carousel-mode ms-theme-default\" role=\"region\" aria-label=\"Image Carousel\" data-height=\"400\" data-width=\"400\">\n    <div id=\"metaslider_container_90\">\n        <div id=\"metaslider_90\">\n            <ul aria-live='off' class='slides'>\n                <li style=\"display: none; width: 100%;\" class=\"slide-91 ms-image \" aria-roledescription=\"slide\" data-date=\"2026-04-08 20:51:10\" data-filename=\"Logo-partner_Bioheme-400x400.jpg\" data-slide-type=\"image\"><img loading=\"lazy\" decoding=\"async\" src=\"https:\/\/www.pharma-partnerlab.fr\/wp-content\/uploads\/2026\/04\/Logo-partner_Bioheme-400x400.jpg\" height=\"400\" width=\"400\" alt=\"Carousel Slideshow\" class=\"slider-90 slide-91 msDefaultImage\" title=\"Carousel Slideshow\" \/><\/li>\n                <li style=\"display: none; width: 100%;\" class=\"slide-93 ms-image \" aria-roledescription=\"slide\" data-date=\"2026-04-08 20:51:11\" data-filename=\"Logo-partner-03-400x400.jpg\" data-slide-type=\"image\"><img loading=\"lazy\" decoding=\"async\" src=\"https:\/\/www.pharma-partnerlab.fr\/wp-content\/uploads\/2026\/04\/Logo-partner-03-400x400.jpg\" height=\"400\" width=\"400\" alt=\"Carousel Slideshow\" class=\"slider-90 slide-93 msDefaultImage\" title=\"Carousel Slideshow\" \/><\/li>\n                <li style=\"display: none; width: 100%;\" class=\"slide-95 ms-image \" aria-roledescription=\"slide\" data-date=\"2026-04-08 20:51:12\" data-filename=\"Logo-partner-05-400x400.jpg\" data-slide-type=\"image\"><img loading=\"lazy\" decoding=\"async\" src=\"https:\/\/www.pharma-partnerlab.fr\/wp-content\/uploads\/2026\/04\/Logo-partner-05-400x400.jpg\" height=\"400\" width=\"400\" alt=\"Carousel Slideshow\" class=\"slider-90 slide-95 msDefaultImage\" title=\"Carousel Slideshow\" \/><\/li>\n                <li style=\"display: none; width: 100%;\" class=\"slide-97 ms-image \" aria-roledescription=\"slide\" data-date=\"2026-04-08 20:51:13\" data-filename=\"Logo-partner-06-400x400.jpg\" data-slide-type=\"image\"><img loading=\"lazy\" decoding=\"async\" src=\"https:\/\/www.pharma-partnerlab.fr\/wp-content\/uploads\/2026\/04\/Logo-partner-06-400x400.jpg\" height=\"400\" width=\"400\" alt=\"Carousel Slideshow\" class=\"slider-90 slide-97 msDefaultImage\" title=\"Carousel Slideshow\" \/><\/li>\n                <li style=\"display: none; width: 100%;\" class=\"slide-99 ms-image \" aria-roledescription=\"slide\" data-date=\"2026-04-08 20:51:14\" data-filename=\"Logo-partner-1-400x400.jpg\" data-slide-type=\"image\"><img loading=\"lazy\" decoding=\"async\" src=\"https:\/\/www.pharma-partnerlab.fr\/wp-content\/uploads\/2026\/04\/Logo-partner-1-400x400.jpg\" height=\"400\" width=\"400\" alt=\"Carousel Slideshow\" class=\"slider-90 slide-99 msDefaultImage\" title=\"Carousel Slideshow\" \/><\/li>\n                <li style=\"display: none; width: 100%;\" class=\"slide-101 ms-image \" aria-roledescription=\"slide\" data-date=\"2026-04-08 20:51:15\" data-filename=\"Logo-partner-400x400.jpg\" data-slide-type=\"image\"><img loading=\"lazy\" decoding=\"async\" src=\"https:\/\/www.pharma-partnerlab.fr\/wp-content\/uploads\/2026\/04\/Logo-partner-400x400.jpg\" height=\"400\" width=\"400\" alt=\"Carousel Slideshow\" class=\"slider-90 slide-101 msDefaultImage\" title=\"Carousel Slideshow\" \/><\/li>\n            <\/ul>\n        <\/div>\n        \n    <\/div>\n<\/div><\/div>\n\n\n\n<hr class=\"wp-block-separator has-text-color has-ast-global-color-1-color has-alpha-channel-opacity has-ast-global-color-1-background-color has-background is-style-wide\" style=\"margin-top:0;margin-bottom:0\"\/>\n\n\n\n<div class=\"wp-block-media-text alignfull is-stacked-on-mobile is-vertically-aligned-center\"><figure class=\"wp-block-media-text__media\"><img loading=\"lazy\" decoding=\"async\" width=\"1024\" height=\"1024\" src=\"http:\/\/cdvuglp.cluster121.hosting.ovh.net\/wp-content\/uploads\/2026\/04\/photo-charlotte-1024x1024.jpg\" alt=\"\" class=\"wp-image-88 size-full\" srcset=\"https:\/\/www.pharma-partnerlab.fr\/wp-content\/uploads\/2026\/04\/photo-charlotte-1024x1024.jpg 1024w, https:\/\/www.pharma-partnerlab.fr\/wp-content\/uploads\/2026\/04\/photo-charlotte-300x300.jpg 300w, https:\/\/www.pharma-partnerlab.fr\/wp-content\/uploads\/2026\/04\/photo-charlotte-150x150.jpg 150w, https:\/\/www.pharma-partnerlab.fr\/wp-content\/uploads\/2026\/04\/photo-charlotte-768x768.jpg 768w, https:\/\/www.pharma-partnerlab.fr\/wp-content\/uploads\/2026\/04\/photo-charlotte-1536x1536.jpg 1536w, https:\/\/www.pharma-partnerlab.fr\/wp-content\/uploads\/2026\/04\/photo-charlotte-2048x2048.jpg 2048w\" sizes=\"auto, (max-width: 1024px) 100vw, 1024px\" \/><\/figure><div class=\"wp-block-media-text__content\">\n<h3 class=\"wp-block-heading has-text-align-center has-ast-global-color-1-color has-text-color has-x-large-font-size\"><strong>\u00c0 PROPOS<\/strong><\/h3>\n\n\n\n<p class=\"has-text-align-center has-ast-global-color-0-color has-text-color has-link-color has-extra-small-font-size wp-elements-8cef63d7e3d26aa92dd0068510d2517c\">Ecrire un texte<\/p>\n\n\n\n<div class=\"wp-block-buttons is-content-justification-center is-layout-flex wp-container-core-buttons-is-layout-a89b3969 wp-block-buttons-is-layout-flex\">\n<div class=\"wp-block-button is-style-outline is-style-outline--1\"><a class=\"wp-block-button__link has-ast-global-color-1-color has-ast-global-color-5-background-color has-text-color has-background has-link-color wp-element-button\">Prendre rendez-vous<\/a><\/div>\n<\/div>\n<\/div><\/div>\n\n\n\n<hr class=\"wp-block-separator has-text-color has-ast-global-color-7-color has-alpha-channel-opacity has-ast-global-color-7-background-color has-background is-style-wide\"\/>\n\n\n\n<div class=\"wp-block-group alignfull has-background-color has-white-color has-ast-global-color-0-background-color has-text-color has-background has-link-color wp-elements-daab7972e4796fe3fa05991dd88995f2 is-vertical is-content-justification-stretch is-layout-flex wp-container-core-group-is-layout-48a3dbfb wp-block-group-is-layout-flex\" style=\"min-height:40vh;margin-top:0;margin-bottom:0;padding-top:var(--wp--preset--spacing--60);padding-right:var(--wp--preset--spacing--40);padding-bottom:var(--wp--preset--spacing--60);padding-left:var(--wp--preset--spacing--40)\">\n<div class=\"wp-block-columns alignwide has-small-font-size is-layout-flex wp-container-core-columns-is-layout-28f84493 wp-block-columns-is-layout-flex\">\n<div class=\"wp-block-column is-layout-flow wp-block-column-is-layout-flow\"><nav class=\"has-small-font-size items-justified-center is-vertical no-wrap wp-block-navigation is-content-justification-center is-nowrap is-layout-flex wp-container-core-navigation-is-layout-34a3ecb2 wp-block-navigation-is-layout-flex\" aria-label=\"Navigation\"><ul class=\"wp-block-navigation__container has-small-font-size items-justified-center is-vertical no-wrap wp-block-navigation has-small-font-size\"><ul class=\"has-small-font-size wp-block-page-list\"><li class=\"wp-block-pages-list__item wp-block-navigation-item open-on-hover-click menu-item-home\"><a class=\"wp-block-pages-list__item__link wp-block-navigation-item__content\" href=\"https:\/\/www.pharma-partnerlab.fr\/\">Accueil<\/a><\/li><li class=\"wp-block-pages-list__item wp-block-navigation-item open-on-hover-click\"><a class=\"wp-block-pages-list__item__link wp-block-navigation-item__content\" href=\"https:\/\/www.pharma-partnerlab.fr\/index.php\/bioheme-2\/\">Bioheme<\/a><\/li><li class=\"wp-block-pages-list__item wp-block-navigation-item open-on-hover-click\"><a class=\"wp-block-pages-list__item__link wp-block-navigation-item__content\" href=\"https:\/\/www.pharma-partnerlab.fr\/index.php\/contact\/\">Contact<\/a><\/li><li class=\"wp-block-pages-list__item wp-block-navigation-item open-on-hover-click\"><a class=\"wp-block-pages-list__item__link wp-block-navigation-item__content\" href=\"https:\/\/www.pharma-partnerlab.fr\/index.php\/curculia-2\/\">CURCULIA\u00a0<\/a><\/li><li class=\"wp-block-pages-list__item wp-block-navigation-item open-on-hover-click\"><a class=\"wp-block-pages-list__item__link wp-block-navigation-item__content\" href=\"https:\/\/www.pharma-partnerlab.fr\/index.php\/endko-2\/\">ENDKO<\/a><\/li><li class=\"wp-block-pages-list__item wp-block-navigation-item open-on-hover-click\"><a class=\"wp-block-pages-list__item__link wp-block-navigation-item__content\" href=\"https:\/\/www.pharma-partnerlab.fr\/index.php\/mes-marques\/\">Mes marques<\/a><\/li><li class=\"wp-block-pages-list__item wp-block-navigation-item open-on-hover-click\"><a class=\"wp-block-pages-list__item__link wp-block-navigation-item__content\" href=\"https:\/\/www.pharma-partnerlab.fr\/index.php\/sample-page\/\">Sample Page<\/a><\/li><li class=\"wp-block-pages-list__item wp-block-navigation-item open-on-hover-click\"><a class=\"wp-block-pages-list__item__link wp-block-navigation-item__content\" href=\"https:\/\/www.pharma-partnerlab.fr\/index.php\/take-care\/\">take care<\/a><\/li><li class=\"wp-block-pages-list__item wp-block-navigation-item open-on-hover-click\"><a class=\"wp-block-pages-list__item__link wp-block-navigation-item__content\" href=\"https:\/\/www.pharma-partnerlab.fr\/index.php\/talika-3\/\">Talika<\/a><\/li><li class=\"wp-block-pages-list__item wp-block-navigation-item open-on-hover-click\"><a class=\"wp-block-pages-list__item__link wp-block-navigation-item__content\" href=\"https:\/\/www.pharma-partnerlab.fr\/index.php\/tresor-botanique\/\">TRESOR BOTANIQUE<\/a><\/li><li class=\"wp-block-pages-list__item wp-block-navigation-item open-on-hover-click\"><a class=\"wp-block-pages-list__item__link wp-block-navigation-item__content\" href=\"https:\/\/www.pharma-partnerlab.fr\/index.php\/vaseline\/\">VASELINE<\/a><\/li><\/ul><\/ul><\/nav>\n\n\n<div class=\"wp-block-buttons is-content-justification-center is-layout-flex wp-container-core-buttons-is-layout-a89b3969 wp-block-buttons-is-layout-flex\">\n<div class=\"wp-block-button\"><a class=\"wp-block-button__link wp-element-button\" href=\"mailto:cm.partnerlab@gmail.com\">Programmer un rendez-vous<\/a><\/div>\n<\/div>\n<\/div>\n<\/div>\n\n\n\n<div class=\"wp-block-group alignwide is-content-justification-center is-layout-flex wp-container-core-group-is-layout-c124d1c4 wp-block-group-is-layout-flex\">\n<p class=\"has-text-align-center has-small-font-size\"> Proudly powered by <a rel=\"nofollow\" href=\"https:\/\/wordpress.org\">WordPress<\/a> <\/p>\n<\/div>\n<\/div>\n\n\n\n<div style=\"height:64px\" aria-hidden=\"true\" class=\"wp-block-spacer\"><\/div>\n\n\n\n<div style=\"height:64px\" aria-hidden=\"true\" class=\"wp-block-spacer\"><\/div>\n<\/div>\n","protected":false},"excerpt":{"rendered":"<p>Mes marques \u00c0 PROPOS Ecrire un texte Proudly powered by WordPress<\/p>\n","protected":false},"author":1,"featured_media":0,"parent":0,"menu_order":0,"comment_status":"closed","ping_status":"closed","template":"","meta":{"site-sidebar-layout":"default","site-content-layout":"","ast-site-content-layout":"default","site-content-style":"default","site-sidebar-style":"default","ast-global-header-display":"","ast-banner-title-visibility":"","ast-main-header-display":"","ast-hfb-above-header-display":"","ast-hfb-below-header-display":"","ast-hfb-mobile-header-display":"","site-post-title":"disabled","ast-breadcrumbs-content":"","ast-featured-img":"","footer-sml-layout":"","ast-disable-related-posts":"","theme-transparent-header-meta":"","adv-header-id-meta":"","stick-header-meta":"","header-above-stick-meta":"","header-main-stick-meta":"","header-below-stick-meta":"","astra-migrate-meta-layouts":"default","ast-page-background-enabled":"default","ast-page-background-meta":{"desktop":{"background-color":"var(--ast-global-color-5)","background-image":"","background-repeat":"repeat","background-position":"center center","background-size":"auto","background-attachment":"scroll","background-type":"","background-media":"","overlay-type":"","overlay-color":"","overlay-opacity":"","overlay-gradient":""},"tablet":{"background-color":"","background-image":"","background-repeat":"repeat","background-position":"center center","background-size":"auto","background-attachment":"scroll","background-type":"","background-media":"","overlay-type":"","overlay-color":"","overlay-opacity":"","overlay-gradient":""},"mobile":{"background-color":"","background-image":"","background-repeat":"repeat","background-position":"center center","background-size":"auto","background-attachment":"scroll","background-type":"","background-media":"","overlay-type":"","overlay-color":"","overlay-opacity":"","overlay-gradient":""}},"ast-content-background-meta":{"desktop":{"background-color":"var(--ast-global-color-4)","background-image":"","background-repeat":"repeat","background-position":"center center","background-size":"auto","background-attachment":"scroll","background-type":"","background-media":"","overlay-type":"","overlay-color":"","overlay-opacity":"","overlay-gradient":""},"tablet":{"background-color":"var(--ast-global-color-4)","background-image":"","background-repeat":"repeat","background-position":"center center","background-size":"auto","background-attachment":"scroll","background-type":"","background-media":"","overlay-type":"","overlay-color":"","overlay-opacity":"","overlay-gradient":""},"mobile":{"background-color":"var(--ast-global-color-4)","background-image":"","background-repeat":"repeat","background-position":"center center","background-size":"auto","background-attachment":"scroll","background-type":"","background-media":"","overlay-type":"","overlay-color":"","overlay-opacity":"","overlay-gradient":""}},"footnotes":""},"class_list":["post-12","page","type-page","status-publish","hentry"],"_links":{"self":[{"href":"https:\/\/www.pharma-partnerlab.fr\/index.php\/wp-json\/wp\/v2\/pages\/12","targetHints":{"allow":["GET"]}}],"collection":[{"href":"https:\/\/www.pharma-partnerlab.fr\/index.php\/wp-json\/wp\/v2\/pages"}],"about":[{"href":"https:\/\/www.pharma-partnerlab.fr\/index.php\/wp-json\/wp\/v2\/types\/page"}],"author":[{"embeddable":true,"href":"https:\/\/www.pharma-partnerlab.fr\/index.php\/wp-json\/wp\/v2\/users\/1"}],"replies":[{"embeddable":true,"href":"https:\/\/www.pharma-partnerlab.fr\/index.php\/wp-json\/wp\/v2\/comments?post=12"}],"version-history":[{"count":20,"href":"https:\/\/www.pharma-partnerlab.fr\/index.php\/wp-json\/wp\/v2\/pages\/12\/revisions"}],"predecessor-version":[{"id":177,"href":"https:\/\/www.pharma-partnerlab.fr\/index.php\/wp-json\/wp\/v2\/pages\/12\/revisions\/177"}],"wp:attachment":[{"href":"https:\/\/www.pharma-partnerlab.fr\/index.php\/wp-json\/wp\/v2\/media?parent=12"}],"curies":[{"name":"wp","href":"https:\/\/api.w.org\/{rel}","templated":true}]}}