{"id":117,"date":"2026-04-08T21:32:30","date_gmt":"2026-04-08T21:32:30","guid":{"rendered":"http:\/\/cdvuglp.cluster121.hosting.ovh.net\/?page_id=117"},"modified":"2026-04-08T22:10:42","modified_gmt":"2026-04-08T22:10:42","slug":"talika-3","status":"publish","type":"page","link":"https:\/\/www.pharma-partnerlab.fr\/index.php\/talika-3\/","title":{"rendered":"Talika"},"content":{"rendered":"\n<div class=\"wp-block-cover is-light\" style=\"min-height:800px;aspect-ratio:unset;\"><img loading=\"lazy\" decoding=\"async\" width=\"2000\" height=\"667\" class=\"wp-block-cover__image-background wp-image-121 size-full\" alt=\"\" src=\"http:\/\/cdvuglp.cluster121.hosting.ovh.net\/wp-content\/uploads\/2026\/04\/Slider_Desktop_19_8d2e55d1-3516-4e7e-a597-3b7d7b044b0b.jpg\" data-object-fit=\"cover\" srcset=\"https:\/\/www.pharma-partnerlab.fr\/wp-content\/uploads\/2026\/04\/Slider_Desktop_19_8d2e55d1-3516-4e7e-a597-3b7d7b044b0b.jpg 2000w, https:\/\/www.pharma-partnerlab.fr\/wp-content\/uploads\/2026\/04\/Slider_Desktop_19_8d2e55d1-3516-4e7e-a597-3b7d7b044b0b-300x100.jpg 300w, https:\/\/www.pharma-partnerlab.fr\/wp-content\/uploads\/2026\/04\/Slider_Desktop_19_8d2e55d1-3516-4e7e-a597-3b7d7b044b0b-1024x342.jpg 1024w, https:\/\/www.pharma-partnerlab.fr\/wp-content\/uploads\/2026\/04\/Slider_Desktop_19_8d2e55d1-3516-4e7e-a597-3b7d7b044b0b-768x256.jpg 768w, https:\/\/www.pharma-partnerlab.fr\/wp-content\/uploads\/2026\/04\/Slider_Desktop_19_8d2e55d1-3516-4e7e-a597-3b7d7b044b0b-1536x512.jpg 1536w\" sizes=\"auto, (max-width: 2000px) 100vw, 2000px\" \/><span aria-hidden=\"true\" class=\"wp-block-cover__background has-background-dim-60 has-background-dim\" style=\"background-color:#a988a1\"><\/span><div class=\"wp-block-cover__inner-container is-layout-flow wp-block-cover-is-layout-flow\">\n<h2 class=\"wp-block-heading alignwide has-ast-global-color-4-color has-text-color\" style=\"font-size:64px\">TALIKA<\/h2>\n\n\n\n<div class=\"wp-block-columns alignwide is-layout-flex wp-container-core-columns-is-layout-28f84493 wp-block-columns-is-layout-flex\">\n<div class=\"wp-block-column is-layout-flow wp-block-column-is-layout-flow\" style=\"flex-basis:55%\">\n<p class=\"has-white-color has-pale-cyan-blue-background-color has-text-color has-background\" style=\"border-top-left-radius:10px;border-top-right-radius:10px;border-bottom-left-radius:10px;border-bottom-right-radius:10px;font-size:15px;line-height:1.3\">Le laboratoire Talika est une marque fran\u00e7aise embl\u00e9matique sp\u00e9cialis\u00e9e dans les soins innovants d\u00e9di\u00e9s \u00e0 la beaut\u00e9 du regard et de la peau. Fond\u00e9 en 1948 \u00e0 la suite d\u2019une d\u00e9couverte issue de la recherche m\u00e9dicale, Talika s\u2019est impos\u00e9 comme un pionnier dans le d\u00e9veloppement de solutions naturelles et technologiques pour sublimer les cils, les sourcils et le visage.<\/p>\n\n\n\n<p class=\"has-ast-global-color-4-color has-pale-cyan-blue-background-color has-text-color has-background\" style=\"border-top-left-radius:10px;border-top-right-radius:10px;border-bottom-left-radius:10px;border-bottom-right-radius:10px;font-size:16px;line-height:1.3\">Au c\u0153ur de son expertise, le laboratoire combine des formules d\u2019inspiration botanique avec des technologies avanc\u00e9es, afin de proposer des produits efficaces, s\u00fbrs et faciles \u00e0 int\u00e9grer dans les routines quotidiennes. Talika est notamment reconnu \u00e0 l\u2019international pour ses soins iconiques favorisant la croissance des cils et la mise en valeur du regard.<br><br>Guid\u00e9 par une approche scientifique rigoureuse et une vision holistique de la beaut\u00e9, le laboratoire Talika s\u2019engage \u00e0 offrir des solutions respectueuses de la peau, tout en r\u00e9pondant aux besoins sp\u00e9cifiques de chaque utilisateur.<br><br>Aujourd\u2019hui pr\u00e9sent dans de nombreux pays, Talika continue d\u2019innover en d\u00e9veloppant des soins alliant performance, naturalit\u00e9 et expertise dermatologique.<\/p>\n<\/div>\n\n\n\n<div class=\"wp-block-column is-layout-flow wp-block-column-is-layout-flow\"><\/div>\n<\/div>\n\n\n\n<div class=\"wp-block-buttons is-layout-flex wp-block-buttons-is-layout-flex\">\n<div class=\"wp-block-button\"><a class=\"wp-block-button__link has-ast-global-color-8-color has-ast-global-color-4-background-color has-text-color has-background has-link-color wp-element-button\" href=\"mailto:cm.partnerlab@gmail.com\">R\u00e9f\u00e9rencer cette marque<\/a><\/div>\n<\/div>\n<\/div><\/div>\n\n\n\n<figure class=\"wp-block-gallery has-nested-images columns-default is-cropped wp-block-gallery-1 is-layout-flex wp-block-gallery-is-layout-flex\">\n<figure class=\"wp-block-image size-large\"><img loading=\"lazy\" decoding=\"async\" width=\"900\" height=\"900\" data-id=\"119\" src=\"http:\/\/cdvuglp.cluster121.hosting.ovh.net\/wp-content\/uploads\/2026\/04\/TALIKA-1.webp\" alt=\"\" class=\"wp-image-119\" srcset=\"https:\/\/www.pharma-partnerlab.fr\/wp-content\/uploads\/2026\/04\/TALIKA-1.webp 900w, https:\/\/www.pharma-partnerlab.fr\/wp-content\/uploads\/2026\/04\/TALIKA-1-300x300.webp 300w, https:\/\/www.pharma-partnerlab.fr\/wp-content\/uploads\/2026\/04\/TALIKA-1-150x150.webp 150w, https:\/\/www.pharma-partnerlab.fr\/wp-content\/uploads\/2026\/04\/TALIKA-1-768x768.webp 768w\" sizes=\"auto, (max-width: 900px) 100vw, 900px\" \/><\/figure>\n\n\n\n<figure class=\"wp-block-image size-large\"><img loading=\"lazy\" decoding=\"async\" width=\"683\" height=\"1024\" data-id=\"120\" src=\"http:\/\/cdvuglp.cluster121.hosting.ovh.net\/wp-content\/uploads\/2026\/04\/TALIKA-MASK-1-683x1024.webp\" alt=\"\" class=\"wp-image-120\" srcset=\"https:\/\/www.pharma-partnerlab.fr\/wp-content\/uploads\/2026\/04\/TALIKA-MASK-1-683x1024.webp 683w, https:\/\/www.pharma-partnerlab.fr\/wp-content\/uploads\/2026\/04\/TALIKA-MASK-1-200x300.webp 200w, https:\/\/www.pharma-partnerlab.fr\/wp-content\/uploads\/2026\/04\/TALIKA-MASK-1-768x1152.webp 768w, https:\/\/www.pharma-partnerlab.fr\/wp-content\/uploads\/2026\/04\/TALIKA-MASK-1.webp 900w\" sizes=\"auto, (max-width: 683px) 100vw, 683px\" \/><\/figure>\n<\/figure>\n\n\n\n<p><\/p>\n","protected":false},"excerpt":{"rendered":"","protected":false},"author":1,"featured_media":0,"parent":0,"menu_order":0,"comment_status":"closed","ping_status":"closed","template":"","meta":{"site-sidebar-layout":"default","site-content-layout":"","ast-site-content-layout":"default","site-content-style":"default","site-sidebar-style":"default","ast-global-header-display":"","ast-banner-title-visibility":"","ast-main-header-display":"","ast-hfb-above-header-display":"","ast-hfb-below-header-display":"","ast-hfb-mobile-header-display":"","site-post-title":"disabled","ast-breadcrumbs-content":"","ast-featured-img":"","footer-sml-layout":"","ast-disable-related-posts":"","theme-transparent-header-meta":"","adv-header-id-meta":"","stick-header-meta":"","header-above-stick-meta":"","header-main-stick-meta":"","header-below-stick-meta":"","astra-migrate-meta-layouts":"default","ast-page-background-enabled":"default","ast-page-background-meta":{"desktop":{"background-color":"var(--ast-global-color-5)","background-image":"","background-repeat":"repeat","background-position":"center center","background-size":"auto","background-attachment":"scroll","background-type":"","background-media":"","overlay-type":"","overlay-color":"","overlay-opacity":"","overlay-gradient":""},"tablet":{"background-color":"","background-image":"","background-repeat":"repeat","background-position":"center center","background-size":"auto","background-attachment":"scroll","background-type":"","background-media":"","overlay-type":"","overlay-color":"","overlay-opacity":"","overlay-gradient":""},"mobile":{"background-color":"","background-image":"","background-repeat":"repeat","background-position":"center center","background-size":"auto","background-attachment":"scroll","background-type":"","background-media":"","overlay-type":"","overlay-color":"","overlay-opacity":"","overlay-gradient":""}},"ast-content-background-meta":{"desktop":{"background-color":"var(--ast-global-color-4)","background-image":"","background-repeat":"repeat","background-position":"center center","background-size":"auto","background-attachment":"scroll","background-type":"","background-media":"","overlay-type":"","overlay-color":"","overlay-opacity":"","overlay-gradient":""},"tablet":{"background-color":"var(--ast-global-color-4)","background-image":"","background-repeat":"repeat","background-position":"center center","background-size":"auto","background-attachment":"scroll","background-type":"","background-media":"","overlay-type":"","overlay-color":"","overlay-opacity":"","overlay-gradient":""},"mobile":{"background-color":"var(--ast-global-color-4)","background-image":"","background-repeat":"repeat","background-position":"center center","background-size":"auto","background-attachment":"scroll","background-type":"","background-media":"","overlay-type":"","overlay-color":"","overlay-opacity":"","overlay-gradient":""}},"footnotes":""},"class_list":["post-117","page","type-page","status-publish","hentry"],"_links":{"self":[{"href":"https:\/\/www.pharma-partnerlab.fr\/index.php\/wp-json\/wp\/v2\/pages\/117","targetHints":{"allow":["GET"]}}],"collection":[{"href":"https:\/\/www.pharma-partnerlab.fr\/index.php\/wp-json\/wp\/v2\/pages"}],"about":[{"href":"https:\/\/www.pharma-partnerlab.fr\/index.php\/wp-json\/wp\/v2\/types\/page"}],"author":[{"embeddable":true,"href":"https:\/\/www.pharma-partnerlab.fr\/index.php\/wp-json\/wp\/v2\/users\/1"}],"replies":[{"embeddable":true,"href":"https:\/\/www.pharma-partnerlab.fr\/index.php\/wp-json\/wp\/v2\/comments?post=117"}],"version-history":[{"count":4,"href":"https:\/\/www.pharma-partnerlab.fr\/index.php\/wp-json\/wp\/v2\/pages\/117\/revisions"}],"predecessor-version":[{"id":148,"href":"https:\/\/www.pharma-partnerlab.fr\/index.php\/wp-json\/wp\/v2\/pages\/117\/revisions\/148"}],"wp:attachment":[{"href":"https:\/\/www.pharma-partnerlab.fr\/index.php\/wp-json\/wp\/v2\/media?parent=117"}],"curies":[{"name":"wp","href":"https:\/\/api.w.org\/{rel}","templated":true}]}}